{"id":5,"date":"2021-05-04T01:36:28","date_gmt":"2021-05-03T23:36:28","guid":{"rendered":"http:\/\/chaseflex.cz\/?page_id=5"},"modified":"2026-04-02T09:21:58","modified_gmt":"2026-04-02T07:21:58","slug":"vip-smenarny-exchange-kurz","status":"publish","type":"page","link":"https:\/\/chaseflex.cz\/cs\/","title":{"rendered":"Dom\u016f"},"content":{"rendered":"<p>Home &#8211; A Formal Guide to Currency Exchange<\/p>\n\n\n\n<p>Visit our esteemed Exchange for all your currency exchange needs. With years of experience and a commitment to excellence, our expert team will ensure a seamless and secure transaction. Trust us to provide competitive rates and exceptional service. Make your currency exchange experience effortless by choosing our reputable smenarna.<\/p>\n\n\n\n<p>Welcome to Chaseflex, where we specialize in Money Exchange services. Our VIP Exchage rate offers a formal and professional environment for all your currency exchange requirements. Count on our experienced team to provide competitive rates, exceptional service, and a seamless transaction process. Choose our reputable exchange for an effortless currency exchange experience.<\/p>\n\n\n\n<div class=\"wp-block-file\"><a href=\"https:\/\/chaseflex.cz\/wp-content\/uploads\/2019\/06\/czech-currency.jpg\" class=\"wp-block-file__button wp-element-button\" download>Download<\/a><\/div>\n\n\n\n<p>VIP kurzy pro v\u0161echny klienty. Nejv\u00fdhodn\u011bj\u0161\u00ed Sm\u011bn\u00e1rna. \u017d\u00e1dn\u00e9 poplatky za sm\u011bnu.<br>Best Exchange Rate. 0 % Commission. Bez Poplatek.<\/p>\n\n\n\n<p>0% COMMISSION\u200d<br>ON CURRENCY EXCHANGE<br>Nab\u00edz\u00edme mnoho m\u011bn k vy\u0301m\u011bn\u011b.<\/p>\n\n\n\n<p>Use our multi-exchange services to avoid unnecessary commission or charges on currency exchange.<\/p>\n\n\n\n<div class=\"wp-block-file\"><a href=\"https:\/\/chaseflex.cz\/wp-content\/uploads\/2024\/04\/IMG_2185-1024x577.jpg\" class=\"wp-block-file__button wp-element-button\" download>Download<\/a><\/div>\n\n\n\n<p><\/p>\n\n\n\n<p>Czechia se nach\u00e1z\u00ed mnoho sm\u011bn\u00e1ren, kter\u00e9 m\u016f\u017eeme naj\u00edt p\u0159edev\u0161\u00edm v centru m\u011bsta, stejn\u011b jako na pra\u017esk\u00e9m leti\u0161ti a hlavn\u00edm vlakov\u00e9m a autobusov\u00e9m n\u00e1dra\u017e\u00ed. Pro porovn\u00e1n\u00ed sm\u011bnn\u00fdch kurz\u016f a nalezen\u00ed nejlep\u0161\u00ed nab\u00eddky, se nezapome\u0148te zeptat na v\u00fd\u0161i poplatk\u016f (provizi). Dobr\u00fdm tipem je zeptat se, kolik \u010desk\u00fdch korun obdr\u017e\u00edte, po ode\u010dten\u00ed v\u0161ech poplatk\u016f. Vym\u011b\u0148te si pen\u00edze, bez jak\u00e9koliv provize a poplatk\u016f, za nejlep\u0161\u00ed ceny v na\u0161\u00ed pobo\u010dce chaseflex Czechia. Aktu\u00e1ln\u00ed sm\u011bnn\u00e9 kurzy naleznete na na\u0161ich webov\u00fdch str\u00e1nk\u00e1ch chaseflex.cz<\/p>\n\n\n\n<h2 class=\"wp-block-heading\">Jak si vym\u011bnit pen\u00edze v Czechia a p\u0159itom se vyhnout podvod\u016fm<\/h2>\n\n\n\n<p><em>Pokud pl\u00e1nujete nav\u0161t\u00edvit \u010ceskou republiku, budete si muset vym\u011bnit pen\u00edze. Obecn\u011b \u0159e\u010deno, nejlep\u0161\u00ed sm\u011bnn\u00e9 kurzy najdete v\u017edy v na\u0161\u00ed pobo\u010dce Chaseflex, nebo si je m\u016f\u017eete zarezervovat on-line prost\u0159ednictv\u00edm chaseflex.cz. Nebu\u010fte dal\u0161\u00ed, kdo spadne do turistick\u00e9 pasti, v\u00edce o tom, jak se tomu vyhnout najdete v na\u0161ich doporu\u010den\u00ed n\u00ed\u017ee.<\/em><\/p>\n\n\n\n<h2 class=\"wp-block-heading\">Sm\u011bn\u00e1rna Chaseflex je bezpe\u010dn\u011bj\u0161\u00ed<\/h2>\n\n\n\n<p>Vyu\u017eijte slu\u017eeb sm\u011bn\u00e1rny chaseflex a vyhn\u011bte se tak \u201epouli\u010dn\u00edm prodejc\u016fm\u201c, kte\u0159\u00ed V\u00e1m leckdy nab\u00edzej\u00ed v\u00fdm\u011bnu pen\u011bz na rohu ulice. S nejv\u011bt\u0161\u00ed pravd\u011bpodobnost\u00ed byste s t\u011bmito \u201epouli\u010dn\u00edmi prodejci\u201c p\u0159i\u0161li nejen o sv\u016fj \u010das, ale i o zna\u010dnou ztr\u00e1tu sv\u00fdch pen\u011bz.<\/p>\n\n\n\n<h2 class=\"wp-block-heading\">Dejte si pozor na v\u00edce ne\u017e jeden seznam kurz\u016f<\/h2>\n\n\n\n<p>Dle z\u00e1kona, mus\u00ed sm\u011bn\u00e1rny vykazovat sv\u00e9 sm\u011bnn\u00e9 kurzy. Sm\u011bn\u00e1rny se tomuto pravidlu \u010dasto vyh\u00fdbaj\u00ed zobrazen\u00edm dvou seznam\u016f sm\u011bnn\u00fdch kurz\u016f. Pot\u00e9 zd\u016frazn\u00ed pouze sv\u00e9 nejlep\u0161\u00ed sazby, kter\u00e9 plat\u00ed jen p\u0159i v\u00fdm\u011bn\u011b velk\u00e9ho mno\u017estv\u00ed pen\u011bz. Sm\u011bn\u00e1rny se n\u011bkdy sna\u017e\u00ed zm\u00e1st klienty dokonce i t\u0159emi seznamy sm\u011bnn\u00fdch kurz\u016f, kde je pod nejv\u00fdhodn\u011bj\u0161\u00ed sazbou drobn\u00fdm p\u00edsmem naps\u00e1no, \u017ee seznam neuv\u00e1d\u00ed platn\u00e9 sm\u011bnn\u00e9 kurzy.<\/p>\n\n\n\n<h2 class=\"wp-block-heading\">Spo\u010d\u00edtejte si pen\u00edze na m\u00edst\u011b a dejte si pozor na nespr\u00e1vn\u00e9 v\u00fdpo\u010dty sazeb<\/h2>\n\n\n\n<p>V\u017edy si vym\u011b\u0148ujte hodnotu, kter\u00e1 se d\u00e1 snadno spo\u010d\u00edtat, aby nedo\u0161lo k zaokrouhlen\u00ed kurzu. P\u0159i v\u00fdm\u011bn\u011b 100 USD ve v\u00fd\u0161i 23 K\u010d dostanete zp\u011bt 2 300 korun. Spo\u010d\u00edtejte si sazbu na kalkula\u010dce.<\/p>\n\n\n\n<h2 class=\"wp-block-heading\">Zkontrolujte si sv\u00e9 bankovky, jestli se nejedn\u00e1 o pad\u011blky<\/h2>\n\n\n\n<p>Ob\u010das se mohou objevit i neplatn\u00e9 bankovky. Pokud si to uv\u011bdom\u00edte a\u017e pozd\u011bji, sm\u011bn\u00e1rna m\u016f\u017ee tvrdit, \u017ee to nebyli oni, kte\u0159\u00ed v\u00e1m bankovky vydali. Dal\u0161\u00edm probl\u00e9mem m\u016f\u017ee b\u00fdt obdr\u017een\u00ed jin\u00e9 ciz\u00ed m\u011bny ne\u017e t\u00e9, kterou jste m\u011bli dostat. Jako cizinec v \u010cesk\u00e9 republice bu\u010fte obzvl\u00e1\u0161t\u011b opatrn\u00ed p\u0159i p\u0159ij\u00edm\u00e1n\u00ed b\u011blorusk\u00fdch rubl\u016f, kter\u00e9 v porovn\u00e1n\u00ed s \u010deskou korunou nemaj\u00ed t\u00e9m\u011b\u0159 \u017e\u00e1dnou hodnotu. V\u017edy se tedy nejprve po\u0159\u00e1dn\u011b na sv\u00e9 bankovky pod\u00edvejte a zkontrolujte si je.<\/p>\n\n\n\n<h2 class=\"wp-block-heading\">Kde v \u010cech\u00e1ch sm\u011bnit pen\u00edze&nbsp;<\/h2>\n\n\n\n<p>Kancel\u00e1\u0159 Chaseflex se nach\u00e1z\u00ed v centru Prahy, jen p\u00e1r krok\u016f od centra m\u011bsta a hlavn\u00edho historick\u00e9ho centra. Na\u0161e ceny jsou p\u0159\u00e1telsk\u00e9 a jsou jedny z nejlep\u0161\u00edch v centru Prahy. Pokud nem\u00e1te \u010das na v\u00fdm\u011bnu pen\u011bz v na\u0161\u00ed kancel\u00e1\u0159i, m\u016f\u017eete vyu\u017e\u00edt na\u0161ich webov\u00fdch str\u00e1nek chaseflex.cz k rezervaci sm\u011bnn\u00e9ho kurzu v dan\u00e9m \u010dase.<\/p>\n\n\n\n<h2 class=\"wp-block-heading\">Jak rozpoznat \u010destnou\/poctivou sm\u011bn\u00e1rnu<\/h2>\n\n\n\n<p>Chyst\u00e1te se na dovolenou v zahrani\u010d\u00ed? Nez\u00e1le\u017e\u00ed na tom, jestli si vym\u011bn\u00edte pen\u00edze u n\u00e1s nebo v jin\u00e9 zemi, ale m\u011bli byste si v\u017edy um\u011bt spr\u00e1vn\u011b vybrat, kde sv\u00e9 pen\u00edze sm\u011bn\u00edte. Existuje mnoho sm\u011bn\u00e1ren, kter\u00e9 se sna\u017e\u00ed sv\u00e9 z\u00e1kazn\u00edky oklamat, a to bu\u010f nev\u00fdhodn\u00fdm sm\u011bnn\u00fdm kurzem, nebo skrytou proviz\u00ed. Jak tedy poznat, jestli lze sm\u011bn\u00e1rn\u011b d\u016fv\u011b\u0159ovat?&nbsp;<\/p>\n\n\n\n<p><strong>1. Jasn\u011b viditeln\u00fd p\u0159ehled sm\u011bnn\u00fdch kurz\u016f<\/strong><\/p>\n\n\n\n<p>Poctiv\u00e1 sm\u011bn\u00e1rna neskr\u00fdv\u00e1 sv\u00e9 sazby a dovol\u00ed z\u00e1kazn\u00edk\u016fm se na n\u011b pod\u00edvat zven\u010d\u00ed, bez toho ani\u017e by vstoupili do prodejny. Pokud sazby neuvid\u00edte na prvn\u00ed pohled, m\u011bli byste zbyst\u0159it. V\u017edy&nbsp;<strong>se zeptejte, kolik pen\u011bz skute\u010dn\u011b obdr\u017e\u00edte&nbsp;<\/strong>a rozhodn\u011bte se na z\u00e1klad\u011b t\u011bchto informac\u00ed.&nbsp; &nbsp;<\/p>\n\n\n\n<p><strong>2. \u017d\u00e1dn\u00e9 skryt\u00e9 poplatky<\/strong><\/p>\n\n\n\n<p>Na t\u00e9m\u011b\u0159 ka\u017ed\u00e9 sm\u011bn\u00e1rn\u011b m\u016f\u017eete vid\u011bt velk\u00fd n\u00e1pis &#8220;Bez Poplatku&#8221; (tj. bez provize), ale to nemus\u00ed znamenat, \u017ee nezaplat\u00edte \u017e\u00e1dn\u00fd poplatek. Nap\u0159\u00edklad Czechia si sm\u011bn\u00e1rny mohou \u00fa\u010dtovat a\u017e 40 % z ceny ve skryt\u00fdch poplatc\u00edch. P\u0159ed ka\u017ed\u00fdm p\u0159evodem se mus\u00edte ujistit, \u017ee neplat\u00edte nic nav\u00edc.<\/p>\n\n\n\n<p><strong>3. V\u017edy dostanete \u00fa\u010dtenku k n\u00e1kupu<\/strong><\/p>\n\n\n\n<p><strong>V d\u016fv\u011bryhodn\u00fdch sm\u011bn\u00e1rn\u00e1ch v\u017edy dostanete potvrzen\u00ed o n\u00e1kupu.&nbsp;<\/strong>\u00da\u010dtenka v\u00e1m slou\u017e\u00ed jako pr\u016fkaz k n\u00e1kupu a v p\u0159\u00edpad\u011b jak\u00fdchkoliv obt\u00ed\u017e\u00ed je to tak\u00e9 d\u016fkaz, \u017ee jste si pen\u00edze vym\u011bnili v dan\u00e9 sm\u011bn\u00e1rn\u011b.<\/p>\n\n\n\n<p><strong>4. Nepou\u017e\u00edv\u00e1 r\u016fzn\u00e9 sazby VIP<\/strong><\/p>\n\n\n\n<p>N\u011bkter\u00e9 sm\u011bn\u00e1rny zobrazuj\u00ed pouze VIP sazby na sv\u00fdch webov\u00fdch str\u00e1nk\u00e1ch a obvykle tyto informace zve\u0159ejn\u00ed n\u011bkde mal\u00fdm p\u00edsmem, kde je snadno p\u0159ehl\u00e9dnete. M\u016f\u017eete b\u00fdt tak\u00e9 nemile p\u0159ekvapeni, kdy\u017e\u00a0<strong>na m\u00edst\u011b zjist\u00edte, \u017ee sazby se od online verze li\u0161\u00ed anebo se vztahuj\u00ed pouze na transakce p\u0159esahuj\u00edc\u00ed ur\u010ditou sumu.<\/strong>.<br><br>U n\u00e1s v Chaseflex si m\u016f\u017eete b\u00fdt jist\u00ed na\u0161\u00ed solidnost\u00ed a \u010destn\u00fdm jedn\u00e1n\u00edm. Nab\u00edz\u00edme finan\u010dn\u00ed slu\u017eby u\u017e 15 let bez jedin\u00e9 reklamace.<\/p>\n\n\n\n<p><\/p>","protected":false},"excerpt":{"rendered":"<p>Home &#8211; A Formal Guide to Currency Exchange Visit our esteemed Exchange for all your currency exchange needs. With years of experience and a commitment to excellence, our expert team will ensure a seamless and secure transaction. Trust us to provide competitive rates and exceptional service. Make your currency exchange experience effortless by choosing our [&hellip;]<\/p>\n","protected":false},"author":6,"featured_media":125,"parent":0,"menu_order":0,"comment_status":"closed","ping_status":"closed","template":"page-home.php","meta":{"footnotes":""},"class_list":["post-5","page","type-page","status-publish","has-post-thumbnail","hentry"],"acf":[],"_links":{"self":[{"href":"https:\/\/chaseflex.cz\/cs\/wp-json\/wp\/v2\/pages\/5","targetHints":{"allow":["GET"]}}],"collection":[{"href":"https:\/\/chaseflex.cz\/cs\/wp-json\/wp\/v2\/pages"}],"about":[{"href":"https:\/\/chaseflex.cz\/cs\/wp-json\/wp\/v2\/types\/page"}],"author":[{"embeddable":true,"href":"https:\/\/chaseflex.cz\/cs\/wp-json\/wp\/v2\/users\/6"}],"replies":[{"embeddable":true,"href":"https:\/\/chaseflex.cz\/cs\/wp-json\/wp\/v2\/comments?post=5"}],"version-history":[{"count":5,"href":"https:\/\/chaseflex.cz\/cs\/wp-json\/wp\/v2\/pages\/5\/revisions"}],"predecessor-version":[{"id":24928,"href":"https:\/\/chaseflex.cz\/cs\/wp-json\/wp\/v2\/pages\/5\/revisions\/24928"}],"wp:featuredmedia":[{"embeddable":true,"href":"https:\/\/chaseflex.cz\/cs\/wp-json\/wp\/v2\/media\/125"}],"wp:attachment":[{"href":"https:\/\/chaseflex.cz\/cs\/wp-json\/wp\/v2\/media?parent=5"}],"curies":[{"name":"wp","href":"https:\/\/api.w.org\/{rel}","templated":true}]}}