{"id":13416,"date":"2023-11-26T22:55:06","date_gmt":"2023-11-26T20:55:06","guid":{"rendered":"https:\/\/chaseflex.cz\/?page_id=13416"},"modified":"2024-03-22T17:56:09","modified_gmt":"2024-03-22T15:56:09","slug":"data-policy","status":"publish","type":"page","link":"https:\/\/chaseflex.cz\/cs\/data-policy\/","title":{"rendered":"Z\u00e1sady \u00fadaj\u016f"},"content":{"rendered":"<h3 class=\"wp-block-heading\">Na\u0161e z\u00e1sady ochrany osobn\u00edch \u00fadaj\u016f<\/h3>\n\n\n\n<p>Na\u0161e spole\u010dnost je sou\u010d\u00e1st\u00ed skupiny Our Company, kter\u00e1 zahrnuje Our Company International a Our Company Direct. Tyto z\u00e1sady ochrany osobn\u00edch \u00fadaj\u016f vysv\u011btluj\u00ed, jak na\u0161e spole\u010dnost pou\u017e\u00edv\u00e1 osobn\u00ed \u00fadaje, kter\u00e9 od v\u00e1s shroma\u017e\u010fujeme, kdy\u017e pou\u017e\u00edv\u00e1te na\u0161e webov\u00e9 str\u00e1nky.<\/p>\n\n\n\n<h3 class=\"wp-block-heading\">Jak\u00e9 \u00fadaje shroma\u017e\u010fujeme?<\/h3>\n\n\n\n<p>Na\u0161e spole\u010dnost shroma\u017e\u010fuje n\u00e1sleduj\u00edc\u00ed \u00fadaje:<\/p>\n\n\n\n<ul class=\"wp-block-list\">\n<li>Osobn\u00ed identifika\u010dn\u00ed \u00fadaje (jm\u00e9no, e-mailov\u00e1 adresa, telefonn\u00ed \u010d\u00edslo atd.)<\/li>\n<\/ul>\n\n\n\n<h3 class=\"wp-block-heading\">How do we collect your data?<\/h3>\n\n\n\n<p>V\u011bt\u0161inu \u00fadaj\u016f, kter\u00e9 shroma\u017e\u010fujeme, poskytujete p\u0159\u00edmo na\u0161\u00ed spole\u010dnosti. \u00dadaje shroma\u017e\u010fujeme a zpracov\u00e1v\u00e1me, kdy\u017e:<\/p>\n\n\n\n<ul class=\"wp-block-list\">\n<li>Zaregistrujte se online nebo si objednejte n\u011bkter\u00fd z na\u0161ich produkt\u016f nebo slu\u017eeb.<\/li>\n\n\n\n<li>Dobrovoln\u011b vypl\u0148te z\u00e1kaznick\u00fd pr\u016fzkum nebo poskytn\u011bte zp\u011btnou vazbu na kter\u00e9koli z na\u0161ich n\u00e1st\u011bnek nebo e-mailem.<\/li>\n\n\n\n<li>Pou\u017e\u00edvejte nebo prohl\u00ed\u017eejte na\u0161e webov\u00e9 str\u00e1nky prost\u0159ednictv\u00edm soubor\u016f cookie va\u0161eho prohl\u00ed\u017ee\u010de.<\/li>\n\n\n\n<li>Po\u0161lete n\u00e1m zpr\u00e1vu prost\u0159ednictv\u00edm kontaktn\u00edho formul\u00e1\u0159e na na\u0161em webu<\/li>\n\n\n\n<li>P\u0159ihlaste se k odb\u011bru na\u0161eho newsletteru<\/li>\n<\/ul>\n\n\n\n<p>Na\u0161e spole\u010dnost m\u016f\u017ee tak\u00e9 obdr\u017eet va\u0161e \u00fadaje nep\u0159\u00edmo z n\u00e1sleduj\u00edc\u00edch zdroj\u016f:<\/p>\n\n\n\n<ul class=\"wp-block-list\">\n<li>Google Analytics<\/li>\n\n\n\n<li>Chatboti<\/li>\n\n\n\n<li>Telefonn\u00ed hovory<\/li>\n\n\n\n<li>E-mailov\u00e9 zpr\u00e1vy<\/li>\n<\/ul>\n\n\n\n<h3 class=\"wp-block-heading\">Jak budeme pou\u017e\u00edvat va\u0161e \u00fadaje?<\/h3>\n\n\n\n<p>Na\u0161e spole\u010dnost shroma\u017e\u010fuje va\u0161e \u00fadaje, abychom mohli:<\/p>\n\n\n\n<ul class=\"wp-block-list\">\n<li>Zpracujte svou objedn\u00e1vku a spravujte sv\u016fj \u00fa\u010det.<\/li>\n\n\n\n<li>E-mailem v\u00e1m za\u0161leme speci\u00e1ln\u00ed nab\u00eddky na dal\u0161\u00ed produkty a slu\u017eby, o kter\u00fdch si mysl\u00edme, \u017ee by se v\u00e1m mohly l\u00edbit.<\/li>\n<\/ul>\n\n\n\n<p>Kdy\u017e na\u0161e spole\u010dnost zpracov\u00e1v\u00e1 va\u0161i objedn\u00e1vku, m\u016f\u017ee zas\u00edlat va\u0161e \u00fadaje a tak\u00e9 pou\u017e\u00edt v\u00fdsledn\u00e9 informace od agentur pro \u00fav\u011brov\u00e9 reference, aby se zabr\u00e1nilo podvodn\u00fdm n\u00e1kup\u016fm.<\/p>\n\n\n\n<h3 class=\"wp-block-heading\">Jak uchov\u00e1v\u00e1me va\u0161e data?<\/h3>\n\n\n\n<p>Na\u0161e spole\u010dnost bezpe\u010dn\u011b ukl\u00e1d\u00e1 va\u0161e data ve stejn\u00e9 sd\u00edlen\u00e9 hostingov\u00e9 infrastruktu\u0159e, kde je hostov\u00e1n n\u00e1\u0161 web.<\/p>\n\n\n\n<p>Na\u0161e spole\u010dnost bude uchov\u00e1vat va\u0161e \u00fadaje po neomezenou dobu. Jakmile od v\u00e1s obdr\u017e\u00edme \u017e\u00e1dost o vymaz\u00e1n\u00ed va\u0161ich \u00fadaj\u016f, va\u0161e \u00fadaje bez v\u00e1h\u00e1n\u00ed vyma\u017eeme.<\/p>\n\n\n\n<h3 class=\"wp-block-heading\">Marketing<\/h3>\n\n\n\n<p>Na\u0161e spole\u010dnost by v\u00e1m r\u00e1da zas\u00edlala informace o na\u0161ich produktech a slu\u017eb\u00e1ch, o kter\u00fdch si mysl\u00edme, \u017ee by se v\u00e1m mohly l\u00edbit.<\/p>\n\n\n\n<p>Pokud jste souhlasili se zas\u00edl\u00e1n\u00edm marketingu, m\u016f\u017eete se kdykoli pozd\u011bji odhl\u00e1sit.<\/p>\n\n\n\n<p>M\u00e1te pr\u00e1vo kdykoli zabr\u00e1nit na\u0161\u00ed spole\u010dnosti, aby v\u00e1s kontaktovala pro marketingov\u00e9 \u00fa\u010dely nebo p\u0159ed\u00e1vala va\u0161e \u00fadaje jin\u00fdm \u010dlen\u016fm skupiny Na\u0161e spole\u010dnost.<\/p>\n\n\n\n<p>Pokud si ji\u017e nep\u0159ejete b\u00fdt kontaktov\u00e1ni pro marketingov\u00e9 \u00fa\u010dely, za\u0161lete pros\u00edm email na info@chaseflex.cz.<\/p>\n\n\n\n<h3 class=\"wp-block-heading\">Jak\u00e1 jsou va\u0161e pr\u00e1va na ochranu \u00fadaj\u016f?<\/h3>\n\n\n\n<p>Na\u0161e spole\u010dnost by se r\u00e1da ujistila, \u017ee jste si pln\u011b v\u011bdomi v\u0161ech sv\u00fdch pr\u00e1v na ochranu \u00fadaj\u016f. Ka\u017ed\u00fd u\u017eivatel m\u00e1 n\u00e1rok na n\u00e1sleduj\u00edc\u00ed:<\/p>\n\n\n\n<p><strong>Pr\u00e1vo na p\u0159\u00edstup<\/strong>&nbsp;\u2013 M\u00e1te pr\u00e1vo po\u017e\u00e1dat na\u0161i spole\u010dnost o kopie va\u0161ich osobn\u00edch \u00fadaj\u016f.<\/p>\n\n\n\n<p><strong>Pr\u00e1vo na opravu<\/strong>&nbsp;\u2013 M\u00e1te pr\u00e1vo po\u017eadovat, aby na\u0161e spole\u010dnost opravila jak\u00e9koli informace, o kter\u00fdch se domn\u00edv\u00e1te, \u017ee jsou nep\u0159esn\u00e9. M\u00e1te tak\u00e9 pr\u00e1vo po\u017e\u00e1dat na\u0161i spole\u010dnost o dopln\u011bn\u00ed informac\u00ed, o kter\u00fdch se domn\u00edv\u00e1te, \u017ee jsou ne\u00fapln\u00e9.<\/p>\n\n\n\n<p><strong>Pr\u00e1vo na v\u00fdmaz<\/strong>&nbsp;\u2013 M\u00e1te pr\u00e1vo po\u017eadovat, aby na\u0161e spole\u010dnost za ur\u010dit\u00fdch podm\u00ednek vymazala va\u0161e osobn\u00ed \u00fadaje.<\/p>\n\n\n\n<p><strong>Pr\u00e1vo na omezen\u00ed zpracov\u00e1n\u00ed<\/strong>&nbsp;\u2013 M\u00e1te pr\u00e1vo po\u017eadovat, aby na\u0161e spole\u010dnost za ur\u010dit\u00fdch podm\u00ednek omezila zpracov\u00e1n\u00ed va\u0161ich osobn\u00edch \u00fadaj\u016f.<\/p>\n\n\n\n<p><strong>Pr\u00e1vo vzn\u00e9st n\u00e1mitku proti zpracov\u00e1n\u00ed<\/strong>&nbsp;\u2013 M\u00e1te pr\u00e1vo vzn\u00e9st n\u00e1mitku proti zpracov\u00e1n\u00ed va\u0161ich osobn\u00edch \u00fadaj\u016f na\u0161\u00ed spole\u010dnost\u00ed, a to za ur\u010dit\u00fdch podm\u00ednek.<\/p>\n\n\n\n<p><strong>Pr\u00e1vo na p\u0159enositelnost \u00fadaj\u016f<\/strong>&nbsp;\u2013 M\u00e1te pr\u00e1vo po\u017eadovat, aby na\u0161e spole\u010dnost za ur\u010dit\u00fdch podm\u00ednek p\u0159edala \u00fadaje, kter\u00e9 jsme shrom\u00e1\u017edili, jin\u00e9 spole\u010dnosti nebo p\u0159\u00edmo v\u00e1m.<\/p>\n\n\n\n<p>Pokud pod\u00e1te \u017e\u00e1dost, m\u00e1me jeden m\u011bs\u00edc na to, abychom v\u00e1m odpov\u011bd\u011bli. Pokud budete cht\u00edt n\u011bkter\u00e9ho z t\u011bchto pr\u00e1v vyu\u017e\u00edt, pros\u00edm, kontaktujte n\u00e1s na e-mailu: info@chaseflex.cz<\/p>\n\n\n\n<h3 class=\"wp-block-heading\">Z\u00e1sady ochrany osobn\u00edch \u00fadaj\u016f jin\u00fdch webov\u00fdch str\u00e1nek<\/h3>\n\n\n\n<p>Webov\u00e9 str\u00e1nky na\u0161\u00ed spole\u010dnosti obsahuj\u00ed odkazy na jin\u00e9 webov\u00e9 str\u00e1nky. Na\u0161e z\u00e1sady ochrany osobn\u00edch \u00fadaj\u016f se vztahuj\u00ed pouze na na\u0161e webov\u00e9 str\u00e1nky, tak\u017ee pokud kliknete na odkaz na jin\u00fd web, m\u011bli byste si p\u0159e\u010d\u00edst jejich z\u00e1sady ochrany osobn\u00edch \u00fadaj\u016f.<\/p>\n\n\n\n<h3 class=\"wp-block-heading\">Zm\u011bny na\u0161ich z\u00e1sad ochrany osobn\u00edch \u00fadaj\u016f<\/h3>\n\n\n\n<p>Na\u0161e spole\u010dnost pravideln\u011b kontroluje sv\u00e9 z\u00e1sady ochrany osobn\u00edch \u00fadaj\u016f a na tuto webovou str\u00e1nku um\u00eds\u0165uje ve\u0161ker\u00e9 aktualizace. Tyto z\u00e1sady ochrany osobn\u00edch \u00fadaj\u016f byly naposledy aktualizov\u00e1ny dne 26. listopadu 2023.<\/p>\n\n\n\n<h3 class=\"wp-block-heading\">Jak n\u00e1s kontaktovat<\/h3>\n\n\n\n<p>M\u00e1te-li jak\u00e9koli dotazy t\u00fdkaj\u00edc\u00ed se z\u00e1sad ochrany osobn\u00edch \u00fadaj\u016f na\u0161\u00ed spole\u010dnosti, \u00fadaj\u016f, kter\u00e9 o v\u00e1s uchov\u00e1v\u00e1me, nebo byste cht\u011bli uplatnit n\u011bkter\u00e9 ze sv\u00fdch pr\u00e1v na ochranu \u00fadaj\u016f, nev\u00e1hejte n\u00e1s kontaktovat.<\/p>\n\n\n\n<p>Napi\u0161te n\u00e1m na: info@chaseflex.cz<\/p>","protected":false},"excerpt":{"rendered":"<p>Our Data Policy Our Company is part of the Our Company Group which includes Our Company International and Our Company Direct. This privacy policy will explain how our company uses the personal data we collect from you when you use our website. What data do we collect? Our Company collects the following data: How do [&hellip;]<\/p>\n","protected":false},"author":1,"featured_media":0,"parent":0,"menu_order":0,"comment_status":"closed","ping_status":"closed","template":"","meta":{"footnotes":""},"class_list":["post-13416","page","type-page","status-publish","hentry"],"acf":[],"_links":{"self":[{"href":"https:\/\/chaseflex.cz\/cs\/wp-json\/wp\/v2\/pages\/13416","targetHints":{"allow":["GET"]}}],"collection":[{"href":"https:\/\/chaseflex.cz\/cs\/wp-json\/wp\/v2\/pages"}],"about":[{"href":"https:\/\/chaseflex.cz\/cs\/wp-json\/wp\/v2\/types\/page"}],"author":[{"embeddable":true,"href":"https:\/\/chaseflex.cz\/cs\/wp-json\/wp\/v2\/users\/1"}],"replies":[{"embeddable":true,"href":"https:\/\/chaseflex.cz\/cs\/wp-json\/wp\/v2\/comments?post=13416"}],"version-history":[{"count":0,"href":"https:\/\/chaseflex.cz\/cs\/wp-json\/wp\/v2\/pages\/13416\/revisions"}],"wp:attachment":[{"href":"https:\/\/chaseflex.cz\/cs\/wp-json\/wp\/v2\/media?parent=13416"}],"curies":[{"name":"wp","href":"https:\/\/api.w.org\/{rel}","templated":true}]}}