{"id":1108,"date":"2021-05-24T00:42:27","date_gmt":"2021-05-23T22:42:27","guid":{"rendered":"https:\/\/chaseflex.cz\/?page_id=1108"},"modified":"2024-04-09T11:49:21","modified_gmt":"2024-04-09T09:49:21","slug":"multiexchange-smenarna","status":"publish","type":"page","link":"https:\/\/chaseflex.cz\/cs\/multiexchange-smenarna\/","title":{"rendered":"MultiExchange"},"content":{"rendered":"<p>0% COMMISSION\u200d<br>ON CURRENCY EXCHANGE<br>Nab\u00edz\u00edme mnoho m\u011bn k vy\u0301m\u011bn\u011b.<\/p>\n\n\n\n<p>Vyu\u017eijte na\u0161e slu\u017eby multiexchange, abyste se vyhnuli zbyte\u010dn\u00fdm proviz\u00edm nebo poplatk\u016fm za vy\u0301m\u011bnu m\u011bny.<\/p>\n\n\n\n<figure class=\"wp-block-image size-large\"><img loading=\"lazy\" decoding=\"async\" width=\"1024\" height=\"795\" src=\"https:\/\/chaseflex.cz\/wp-content\/uploads\/2019\/06\/exchange-e1559879469129-1024x795.jpg\" alt=\"\" class=\"wp-image-125\" srcset=\"https:\/\/chaseflex.cz\/wp-content\/uploads\/2019\/06\/exchange-e1559879469129-1024x795.jpg 1024w, https:\/\/chaseflex.cz\/wp-content\/uploads\/2019\/06\/exchange-e1559879469129-300x233.jpg 300w, https:\/\/chaseflex.cz\/wp-content\/uploads\/2019\/06\/exchange-e1559879469129-768x596.jpg 768w, https:\/\/chaseflex.cz\/wp-content\/uploads\/2019\/06\/exchange-e1559879469129.jpg 1100w\" sizes=\"auto, (max-width: 1024px) 100vw, 1024px\" \/><\/figure>","protected":false},"excerpt":{"rendered":"<p>0% COMMISSION\u200dON CURRENCY EXCHANGEWe offer multiple currencies for exchange. Use our multiexchange services to avoid unnecessary commission or charges on currency exchange.<\/p>","protected":false},"author":6,"featured_media":0,"parent":0,"menu_order":0,"comment_status":"closed","ping_status":"closed","template":"page-multiexchange.php","meta":{"footnotes":""},"class_list":["post-1108","page","type-page","status-publish","hentry"],"acf":[],"_links":{"self":[{"href":"https:\/\/chaseflex.cz\/cs\/wp-json\/wp\/v2\/pages\/1108","targetHints":{"allow":["GET"]}}],"collection":[{"href":"https:\/\/chaseflex.cz\/cs\/wp-json\/wp\/v2\/pages"}],"about":[{"href":"https:\/\/chaseflex.cz\/cs\/wp-json\/wp\/v2\/types\/page"}],"author":[{"embeddable":true,"href":"https:\/\/chaseflex.cz\/cs\/wp-json\/wp\/v2\/users\/6"}],"replies":[{"embeddable":true,"href":"https:\/\/chaseflex.cz\/cs\/wp-json\/wp\/v2\/comments?post=1108"}],"version-history":[{"count":0,"href":"https:\/\/chaseflex.cz\/cs\/wp-json\/wp\/v2\/pages\/1108\/revisions"}],"wp:attachment":[{"href":"https:\/\/chaseflex.cz\/cs\/wp-json\/wp\/v2\/media?parent=1108"}],"curies":[{"name":"wp","href":"https:\/\/api.w.org\/{rel}","templated":true}]}}